{"id":4540,"date":"2022-08-08T09:07:23","date_gmt":"2022-08-08T09:07:23","guid":{"rendered":"https:\/\/www.datakeen.co\/?page_id=4540"},"modified":"2022-08-08T09:07:24","modified_gmt":"2022-08-08T09:07:24","slug":"notre-mission-notre-vision-2","status":"publish","type":"page","link":"https:\/\/www.datakeen.co\/en\/notre-mission-notre-vision-2\/","title":{"rendered":"Notre mission, notre vision"},"content":{"rendered":"<p>[et_pb_section fb_built=&#8221;1&#8243; admin_label=&#8221;section&#8221; _builder_version=&#8221;4.16&#8243; custom_padding=&#8221;0px|||||&#8221; global_colors_info=&#8221;{}&#8221;][et_pb_row _builder_version=&#8221;4.17.4&#8243; _module_preset=&#8221;default&#8221; global_colors_info=&#8221;{}&#8221;][et_pb_column type=&#8221;4_4&#8243; _builder_version=&#8221;4.17.4&#8243; _module_preset=&#8221;default&#8221; global_colors_info=&#8221;{}&#8221;][et_pb_text _builder_version=&#8221;4.17.4&#8243; _module_preset=&#8221;default&#8221; custom_margin=&#8221;||-8px|||&#8221; global_colors_info=&#8221;{}&#8221;]<\/p>\n<h1><span style=\"color: #5684ff;\"><b>Who are we?<\/b><\/span><\/h1>\n<p>[\/et_pb_text][\/et_pb_column][\/et_pb_row][et_pb_row _builder_version=&#8221;4.17.4&#8243; _module_preset=&#8221;default&#8221; custom_padding=&#8221;0px||0px|||&#8221; global_colors_info=&#8221;{}&#8221;][et_pb_column type=&#8221;4_4&#8243; _builder_version=&#8221;4.17.4&#8243; _module_preset=&#8221;default&#8221; global_colors_info=&#8221;{}&#8221;][et_pb_text _builder_version=&#8221;4.17.4&#8243; _module_preset=&#8221;default&#8221; global_colors_info=&#8221;{}&#8221;]<\/p>\n<h2><span style=\"font-weight: 400;\">Our vision, our missions, our history<\/span><\/h2>\n<p>[\/et_pb_text][\/et_pb_column][\/et_pb_row][et_pb_row column_structure=&#8221;3_5,2_5&#8243; _builder_version=&#8221;4.17.4&#8243; _module_preset=&#8221;default&#8221; global_colors_info=&#8221;{}&#8221;][et_pb_column type=&#8221;3_5&#8243; _builder_version=&#8221;4.17.4&#8243; _module_preset=&#8221;default&#8221; global_colors_info=&#8221;{}&#8221;][et_pb_text _builder_version=&#8221;4.17.4&#8243; _module_preset=&#8221;default&#8221; text_text_color=&#8221;#0C71C3&#8243; global_colors_info=&#8221;{}&#8221;]<\/p>\n<h3><span style=\"font-weight: 400;\">We democratize AI so that all companies can benefit from it.<\/span><\/h3>\n<p>[\/et_pb_text][et_pb_text _builder_version=&#8221;4.17.4&#8243; _module_preset=&#8221;default&#8221; global_colors_info=&#8221;{}&#8221;]<\/p>\n<p>We believe that in the next 30 years, Artificial Intelligence will be deployed everywhere: housing, transportation, health, businesses. All sectors and all organizations will be impacted.<\/p>\n<p>For the companies and organizations that will know how to use it, the benefits will be multiple, the competitive advantages major and the chances of survival multiplied. For the others, the gap with the competition will rapidly widen until it becomes unbridgeable.<\/p>\n<p>[\/et_pb_text][\/et_pb_column][et_pb_column type=&#8221;2_5&#8243; _builder_version=&#8221;4.17.4&#8243; _module_preset=&#8221;default&#8221; global_colors_info=&#8221;{}&#8221;][et_pb_image src=&#8221;https:\/\/media.datakeen.co\/wp-content\/uploads\/2017\/04\/28141635\/equipe_datakeen.jpg&#8221; title_text=&#8221;Gael&#8221; _builder_version=&#8221;4.17.4&#8243; _module_preset=&#8221;default&#8221; custom_margin=&#8221;|||117px||&#8221; global_colors_info=&#8221;{}&#8221;][\/et_pb_image][\/et_pb_column][\/et_pb_row][et_pb_row _builder_version=&#8221;4.17.4&#8243; _module_preset=&#8221;default&#8221; global_colors_info=&#8221;{}&#8221;][et_pb_column type=&#8221;4_4&#8243; _builder_version=&#8221;4.17.4&#8243; _module_preset=&#8221;default&#8221; global_colors_info=&#8221;{}&#8221;][et_pb_text _builder_version=&#8221;4.17.4&#8243; _module_preset=&#8221;default&#8221; custom_margin=&#8221;-44px|||||&#8221; custom_padding=&#8221;4px|||||&#8221; global_colors_info=&#8221;{}&#8221;]<\/p>\n<p>Currently, the obstacles to the deployment of AI are mainly human: lack of trained people to create and maintain the models, lack of understanding and confidence of the employees. We believe that in addition to the training and change management aspects, the complexity of the current tools hinders the understanding and democratization of AI.Since 2016, Datakeen has been developing a platform accessible to all non-data expert collaborators to remove these obstacles and enable the deployment of AI within their organization.<\/p>\n<p>We make AI accessible to as many people as possible, calling for its use quickly and serenely and demystifying unrealistic fears.<\/p>\n<p>[\/et_pb_text][\/et_pb_column][\/et_pb_row][et_pb_row _builder_version=&#8221;4.17.4&#8243; _module_preset=&#8221;default&#8221; global_colors_info=&#8221;{}&#8221;][et_pb_column type=&#8221;4_4&#8243; _builder_version=&#8221;4.17.4&#8243; _module_preset=&#8221;default&#8221; global_colors_info=&#8221;{}&#8221;][et_pb_text _builder_version=&#8221;4.17.4&#8243; _module_preset=&#8221;default&#8221; custom_margin=&#8221;||-30px|||&#8221; global_colors_info=&#8221;{}&#8221;]<\/p>\n<h3>Our missions<\/h3>\n<p>[\/et_pb_text][\/et_pb_column][\/et_pb_row][et_pb_row column_structure=&#8221;1_3,1_3,1_3&#8243; _builder_version=&#8221;4.17.4&#8243; _module_preset=&#8221;default&#8221; global_colors_info=&#8221;{}&#8221;][et_pb_column type=&#8221;1_3&#8243; _builder_version=&#8221;4.17.4&#8243; _module_preset=&#8221;default&#8221; global_colors_info=&#8221;{}&#8221;][et_pb_image src=&#8221;https:\/\/media.datakeen.co\/wp-content\/uploads\/2022\/08\/28141418\/na_feb_17-e1659596988303.jpg&#8221; title_text=&#8221;Business target achievement concept. The young businessman is ha&#8221; _builder_version=&#8221;4.17.4&#8243; _module_preset=&#8221;default&#8221; width=&#8221;94%&#8221; global_colors_info=&#8221;{}&#8221;][\/et_pb_image][et_pb_text _builder_version=&#8221;4.17.4&#8243; _module_preset=&#8221;default&#8221; global_colors_info=&#8221;{}&#8221;]<\/p>\n<p>Increase your productivity:<\/p>\n<ul>\n<li>Information extraction<\/li>\n<li>Industrial analysis<\/li>\n<li>Documentary research<\/li>\n<li>Accounting support<\/li>\n<\/ul>\n<p>[\/et_pb_text][\/et_pb_column][et_pb_column type=&#8221;1_3&#8243; _builder_version=&#8221;4.17.4&#8243; _module_preset=&#8221;default&#8221; global_colors_info=&#8221;{}&#8221;][et_pb_image src=&#8221;https:\/\/media.datakeen.co\/wp-content\/uploads\/2022\/08\/28141422\/20943756.jpg&#8221; title_text=&#8221;Satisfaction and loyalty analysis concept vector illustration.&#8221; _builder_version=&#8221;4.17.4&#8243; _module_preset=&#8221;default&#8221; global_colors_info=&#8221;{}&#8221;][\/et_pb_image][et_pb_text _builder_version=&#8221;4.17.4&#8243; _module_preset=&#8221;default&#8221; global_colors_info=&#8221;{}&#8221;]<\/p>\n<p>Improve the customer experience:<\/p>\n<ul>\n<li>Fluid onboarding<\/li>\n<li>Response to comments<\/li>\n<li>Mail routing<\/li>\n<\/ul>\n<p>[\/et_pb_text][\/et_pb_column][et_pb_column type=&#8221;1_3&#8243; _builder_version=&#8221;4.17.4&#8243; _module_preset=&#8221;default&#8221; global_colors_info=&#8221;{}&#8221;][et_pb_image src=&#8221;https:\/\/media.datakeen.co\/wp-content\/uploads\/2022\/08\/28141420\/11104.jpg&#8221; title_text=&#8221;Tiny people examining operating system error warning&#8221; _builder_version=&#8221;4.17.4&#8243; _module_preset=&#8221;default&#8221; global_colors_info=&#8221;{}&#8221;][\/et_pb_image][et_pb_text _builder_version=&#8221;4.17.4&#8243; _module_preset=&#8221;default&#8221; global_colors_info=&#8221;{}&#8221;]<\/p>\n<p>Reduce fraud:<\/p>\n<ul>\n<li>Document authentication<\/li>\n<li>Identity verification<\/li>\n<li>Accounting automation<\/li>\n<\/ul>\n<p>[\/et_pb_text][\/et_pb_column][\/et_pb_row][et_pb_row _builder_version=&#8221;4.17.4&#8243; _module_preset=&#8221;default&#8221; global_colors_info=&#8221;{}&#8221;][et_pb_column type=&#8221;4_4&#8243; _builder_version=&#8221;4.17.4&#8243; _module_preset=&#8221;default&#8221; global_colors_info=&#8221;{}&#8221;][et_pb_text _builder_version=&#8221;4.17.4&#8243; _module_preset=&#8221;default&#8221; custom_margin=&#8221;||-30px|||&#8221; global_colors_info=&#8221;{}&#8221;]<\/p>\n<h3>Our history<\/h3>\n<p>[\/et_pb_text][\/et_pb_column][\/et_pb_row][et_pb_row column_structure=&#8221;3_5,2_5&#8243; _builder_version=&#8221;4.17.4&#8243; _module_preset=&#8221;default&#8221; custom_margin=&#8221;-66px|auto||auto||&#8221; custom_padding=&#8221;4px|||||&#8221; global_colors_info=&#8221;{}&#8221;][et_pb_column type=&#8221;3_5&#8243; _builder_version=&#8221;4.17.4&#8243; _module_preset=&#8221;default&#8221; global_colors_info=&#8221;{}&#8221;][et_pb_text _builder_version=&#8221;4.17.4&#8243; _module_preset=&#8221;default&#8221; custom_margin=&#8221;90px|||||&#8221; global_colors_info=&#8221;{}&#8221;]<\/p>\n<p>Since the creation of Datakeen, we strive to make artificial intelligence accessible to all. We have created 3 complementary tools to bring you a complete solution for the automation of many processes. The use of our API makes the integration of these tools very easy, while keeping an optimal security.\u00a0<\/p>\n<p>[\/et_pb_text][\/et_pb_column][et_pb_column type=&#8221;2_5&#8243; _builder_version=&#8221;4.17.4&#8243; _module_preset=&#8221;default&#8221; global_colors_info=&#8221;{}&#8221;][et_pb_image src=&#8221;https:\/\/media.datakeen.co\/wp-content\/uploads\/2020\/01\/28141556\/artificial-intelligence-3685928_1920.png&#8221; title_text=&#8221;artificial-intelligence-3685928_1920&#8243; _builder_version=&#8221;4.17.4&#8243; _module_preset=&#8221;default&#8221; global_colors_info=&#8221;{}&#8221;][\/et_pb_image][\/et_pb_column][\/et_pb_row][et_pb_row admin_label=&#8221;row&#8221; _builder_version=&#8221;4.16&#8243; background_size=&#8221;initial&#8221; background_position=&#8221;top_left&#8221; background_repeat=&#8221;repeat&#8221; global_colors_info=&#8221;{}&#8221;][et_pb_column type=&#8221;4_4&#8243; _builder_version=&#8221;4.16&#8243; custom_padding=&#8221;|||&#8221; global_colors_info=&#8221;{}&#8221; custom_padding__hover=&#8221;|||&#8221;][et_pb_button button_url=&#8221;@ET-DC@eyJkeW5hbWljIjp0cnVlLCJjb250ZW50IjoicG9zdF9saW5rX3VybF9wYWdlIiwic2V0dGluZ3MiOnsicG9zdF9pZCI6IjI2MTUifX0=@&#8221; button_text=&#8221;Request a demo&#8221; button_alignment=&#8221;center&#8221; _builder_version=&#8221;4.17.4&#8243; _dynamic_attributes=&#8221;button_url&#8221; _module_preset=&#8221;default&#8221; custom_margin=&#8221;15px||||false|false&#8221; global_colors_info=&#8221;{}&#8221;][\/et_pb_button][\/et_pb_column][\/et_pb_row][\/et_pb_section]<\/p>\n","protected":false},"excerpt":{"rendered":"<p>Who are we?Our vision, our missions, our historyWe democratize AI so that all companies can benefit from it.We believe that in the next 30 years, Artificial Intelligence will be deployed everywhere: housing, transportation, health, businesses. All sectors and all organizations will be impacted. For the companies and organizations that will know how to use it, [&hellip;]<\/p>\n","protected":false},"author":6,"featured_media":0,"parent":0,"menu_order":0,"comment_status":"closed","ping_status":"closed","template":"","meta":{"_et_pb_use_builder":"on","_et_pb_old_content":"<!--:fr-->Nous croyons que dans les 30 prochaines ann\u00e9es, l\u2019Intelligence Artificielle sera d\u00e9ploy\u00e9e partout : logement, transports, sant\u00e9, entreprises. Tous les secteurs, toutes les organisations seront impact\u00e9s.\r\n\r\nPour les entreprises et les organisations qui sauront l'utiliser, les b\u00e9n\u00e9fices seront multiples, les avantages comp\u00e9titifs majeurs et les chances de survie multipli\u00e9es. Pour les autres, l'\u00e9cart \u00e0 combler avec la concurrence s'\u00e9largira rapidement jusqu'\u00e0 devenir irrattrapable.\r\n\r\nActuellement, les freins au d\u00e9ploiement de l'IA sont principalement humains : manque de personnes form\u00e9es pour cr\u00e9er et maintenir les mod\u00e8les, manque de compr\u00e9hension et de confiance des collaborateurs.\r\n\r\nNous pensons qu'outre les aspects de formation et de conduite du changement, la complexit\u00e9 des outils actuels freine la compr\u00e9hension et la d\u00e9mocratisation de l'IA.\r\n\r\nDepuis 2016, Datakeen d\u00e9veloppe une plate-forme accessible \u00e0 tous les collaborateurs non-experts de la donn\u00e9e pour lever ces freins et permettre de d\u00e9ployer l\u2019IA au sein de leur organisation.\r\n\r\nNous rendons accessible l'IA au plus grand nombre, appelant \u00e0 son utilisation rapidement et sereinement et d\u00e9mystifiant les craintes irr\u00e9alistes.\r\n\r\n\u00a0\r\n<p style=\"text-align: center;\"><b>Int\u00e9r\u00e9ss\u00e9s ? \u00c9changeons\u00a0sur vos enjeux et demandez une d\u00e9mo.<\/b><\/p>\r\n<p style=\"text-align: center;\"><a class=\"askDemo\" href=\"https:\/\/www.datakeen.co\/contact\/\"> demander une d\u00e9mo <\/a><\/p>\r\n<!--:-->","_et_gb_content_width":"","content-type":"","footnotes":""},"class_list":["post-4540","page","type-page","status-publish","hentry"],"yoast_head":"<!-- This site is optimized with the Yoast SEO plugin v25.5 - https:\/\/yoast.com\/wordpress\/plugins\/seo\/ -->\n<title>Notre mission, notre vision - Datakeen<\/title>\n<meta name=\"robots\" content=\"index, follow, max-snippet:-1, max-image-preview:large, max-video-preview:-1\" \/>\n<link rel=\"canonical\" href=\"https:\/\/www.datakeen.co\/en\/notre-mission-notre-vision-2\/\" \/>\n<meta property=\"og:locale\" content=\"en_US\" \/>\n<meta property=\"og:type\" content=\"article\" \/>\n<meta property=\"og:title\" content=\"Notre mission, notre vision - Datakeen\" \/>\n<meta property=\"og:description\" content=\"Who are we?Our vision, our missions, our historyWe democratize AI so that all companies can benefit from it.We believe that in the next 30 years, Artificial Intelligence will be deployed everywhere: housing, transportation, health, businesses. All sectors and all organizations will be impacted. For the companies and organizations that will know how to use it, [&hellip;]\" \/>\n<meta property=\"og:url\" content=\"https:\/\/www.datakeen.co\/en\/notre-mission-notre-vision-2\/\" \/>\n<meta property=\"og:site_name\" content=\"Datakeen\" \/>\n<meta property=\"article:modified_time\" content=\"2022-08-08T09:07:24+00:00\" \/>\n<meta name=\"twitter:card\" content=\"summary_large_image\" \/>\n<meta name=\"twitter:site\" content=\"@DatakeenCO\" \/>\n<meta name=\"twitter:label1\" content=\"Est. reading time\" \/>\n\t<meta name=\"twitter:data1\" content=\"1 minute\" \/>\n<!-- \/ Yoast SEO plugin. -->","yoast_head_json":{"title":"Notre mission, notre vision - Datakeen","robots":{"index":"index","follow":"follow","max-snippet":"max-snippet:-1","max-image-preview":"max-image-preview:large","max-video-preview":"max-video-preview:-1"},"canonical":"https:\/\/www.datakeen.co\/en\/notre-mission-notre-vision-2\/","og_locale":"en_US","og_type":"article","og_title":"Notre mission, notre vision - Datakeen","og_description":"Who are we?Our vision, our missions, our historyWe democratize AI so that all companies can benefit from it.We believe that in the next 30 years, Artificial Intelligence will be deployed everywhere: housing, transportation, health, businesses. All sectors and all organizations will be impacted. For the companies and organizations that will know how to use it, [&hellip;]","og_url":"https:\/\/www.datakeen.co\/en\/notre-mission-notre-vision-2\/","og_site_name":"Datakeen","article_modified_time":"2022-08-08T09:07:24+00:00","twitter_card":"summary_large_image","twitter_site":"@DatakeenCO","twitter_misc":{"Est. reading time":"1 minute"},"schema":{"@context":"https:\/\/schema.org","@graph":[{"@type":"WebPage","@id":"https:\/\/www.datakeen.co\/en\/notre-mission-notre-vision-2\/","url":"https:\/\/www.datakeen.co\/en\/notre-mission-notre-vision-2\/","name":"Notre mission, notre vision - Datakeen","isPartOf":{"@id":"https:\/\/www.datakeen.co\/en\/#website"},"datePublished":"2022-08-08T09:07:23+00:00","dateModified":"2022-08-08T09:07:24+00:00","breadcrumb":{"@id":"https:\/\/www.datakeen.co\/en\/notre-mission-notre-vision-2\/#breadcrumb"},"inLanguage":"en-US","potentialAction":[{"@type":"ReadAction","target":["https:\/\/www.datakeen.co\/en\/notre-mission-notre-vision-2\/"]}]},{"@type":"BreadcrumbList","@id":"https:\/\/www.datakeen.co\/en\/notre-mission-notre-vision-2\/#breadcrumb","itemListElement":[{"@type":"ListItem","position":1,"name":"Accueil","item":"https:\/\/www.datakeen.co\/en\/"},{"@type":"ListItem","position":2,"name":"Notre mission, notre vision"}]},{"@type":"WebSite","@id":"https:\/\/www.datakeen.co\/en\/#website","url":"https:\/\/www.datakeen.co\/en\/","name":"Datakeen","description":"[:fr]Democratise l&#039;IA en Entreprise[:en]Democratize AI Solutions[:de]KI-L\u00f6sungen demokratisieren[:es]Democratizar las soluciones de IA[:ja]\u4eba\u5de5\u77e5\u80fd\u30bd\u30ea\u30e5\u30fc\u30b7\u30e7\u30f3\u306e\u6c11\u4e3b\u5316[:zh]\u6c11\u4e3b\u5316\u4eba\u5de5\u667a\u80fd\u89e3\u51b3\u65b9\u6848[:]","publisher":{"@id":"https:\/\/www.datakeen.co\/en\/#organization"},"potentialAction":[{"@type":"SearchAction","target":{"@type":"EntryPoint","urlTemplate":"https:\/\/www.datakeen.co\/en\/?s={search_term_string}"},"query-input":{"@type":"PropertyValueSpecification","valueRequired":true,"valueName":"search_term_string"}}],"inLanguage":"en-US"},{"@type":"Organization","@id":"https:\/\/www.datakeen.co\/en\/#organization","name":"Datakeen","url":"https:\/\/www.datakeen.co\/en\/","logo":{"@type":"ImageObject","inLanguage":"en-US","@id":"https:\/\/www.datakeen.co\/en\/#\/schema\/logo\/image\/","url":"https:\/\/media.datakeen.co\/wp-content\/uploads\/2017\/03\/28141638\/datakeen_large_blue_nobg.png","contentUrl":"https:\/\/media.datakeen.co\/wp-content\/uploads\/2017\/03\/28141638\/datakeen_large_blue_nobg.png","width":2000,"height":826,"caption":"Datakeen"},"image":{"@id":"https:\/\/www.datakeen.co\/en\/#\/schema\/logo\/image\/"},"sameAs":["https:\/\/x.com\/DatakeenCO","https:\/\/www.linkedin.com\/company\/11023029"]}]}},"_links":{"self":[{"href":"https:\/\/www.datakeen.co\/en\/wp-json\/wp\/v2\/pages\/4540","targetHints":{"allow":["GET"]}}],"collection":[{"href":"https:\/\/www.datakeen.co\/en\/wp-json\/wp\/v2\/pages"}],"about":[{"href":"https:\/\/www.datakeen.co\/en\/wp-json\/wp\/v2\/types\/page"}],"author":[{"embeddable":true,"href":"https:\/\/www.datakeen.co\/en\/wp-json\/wp\/v2\/users\/6"}],"replies":[{"embeddable":true,"href":"https:\/\/www.datakeen.co\/en\/wp-json\/wp\/v2\/comments?post=4540"}],"version-history":[{"count":0,"href":"https:\/\/www.datakeen.co\/en\/wp-json\/wp\/v2\/pages\/4540\/revisions"}],"wp:attachment":[{"href":"https:\/\/www.datakeen.co\/en\/wp-json\/wp\/v2\/media?parent=4540"}],"curies":[{"name":"wp","href":"https:\/\/api.w.org\/{rel}","templated":true}]}}